{"id":187,"date":"2018-07-23T21:37:32","date_gmt":"2018-07-23T21:37:32","guid":{"rendered":"https:\/\/schreinereistangl.de\/?page_id=187"},"modified":"2018-08-01T13:45:11","modified_gmt":"2018-08-01T13:45:11","slug":"datenschutzerklaerung","status":"publish","type":"page","link":"https:\/\/schreinereistangl.de\/?page_id=187","title":{"rendered":"Datenschutzerkl\u00e4rung"},"content":{"rendered":"<h1 class=\"entry-title\" style=\"text-align: center;\">Datenschutzerkl\u00e4rung NACH DSGVO<\/h1>\n<div class=\"post-content entry-content\">\n<p>Mit den folgenden Datenschutzhinweisen erl\u00e4utern wir,<br \/>\nSchreinerei Stangl, Auenstr. 13, 85088 Rockolding, Vertreten durch die Gesch\u00e4ftsleitung: Thomas Stangl, Telefon: 0<span class=\"text_exposed_show\">8457 1475<\/span>, <span class=\"text_exposed_show\">info@schreinereistangl.de\u00a0<\/span>welche personenbezogenen Daten wir \u00fcber Sie erheben, wenn Sie die Webseite http:\/\/<span class=\"text_exposed_show\"><span class=\"fwb\"><a href=\"https:\/\/l.facebook.com\/l.php?u=http%3A%2F%2Fwww.schreinereistangl.de%2F&amp;h=AT3ScEAUl1Ta7Tvws6VpvsydUQbiK9hIRkXWdWfHd3Zopqu0GHEKQsGW5R_qMIgfQi7RYigQP_LssNkr9NBlNBK9z293QjqLJkzM5zV6h4H8yG9vOvC5AzWrwVmF9Q9Uw_i7zA\" target=\"_blank\" rel=\"noopener nofollow\" data-ft=\"{&quot;tn&quot;:&quot;-U&quot;}\" data-lynx-mode=\"asynclazy\">www.schreinereistangl.de<\/a><\/span><\/span> besuchen. Die Funktion des\u00a0Datenschutzbeauftragten wird durch die Gesch\u00e4ftsleitung wahrgenommen.<\/p>\n<\/div>\n<div class=\"post-content entry-content\">\n<h2>DAS WICHTIGSTE IN K\u00dcRZE<\/h2>\n<ul>\n<li>Sie k\u00f6nnen dieses Web-Angebot ohne Preisgabe von pers\u00f6nlichen Informationen nutzen, denn eine Erfassung von personenbeziehbaren Daten, insbesondere der IP Adresse, findet nicht statt.<\/li>\n<li>Wir verzichten auf jegliches Web-Tracking (Nutzerverfolgung).<\/li>\n<\/ul>\n<h2>PROTOKOLLIERUNG<\/h2>\n<p>Damit der Server Ihnen eine Seite ausliefern kann ist es notwendig, dass beide Systeme im sogenannten Anfrage-Antwort-Zyklus die IP-Adresse austauschen. Die dabei verwendete IP-Adresse wird nicht gespeichert.<\/p>\n<p>Beim Abruf von Seiten \u00fcbermittelt Ihr Internetbrowser Daten an unseren Web-Server, die gespeichert werden. Es werden weder pers\u00f6nliche noch personenbeziehbare Daten, insbesondere wird keine IP-Adresse erhoben, gespeichert oder genutzt. Diese Daten dienen im St\u00f6rungsfall zur Fehlersuche und gegebenenfalls -behebung. Diese Daten werden von uns nicht routinem\u00e4\u00dfig ausgewertet.<\/p>\n<p>Wenn Sie unsere Seiten aufrufen, \u00fcbermittelt Ihr Browser Daten an unseren Web-Server. Die folgenden Daten werden w\u00e4hrend einer laufenden Verbindung auf unserem Server aufgezeichnet:<\/p>\n<ul>\n<li>Datum und Uhrzeit der Anforderung<\/li>\n<li>Methode (get, head, post)<\/li>\n<li>Zugriffsstatus (Datei \u00fcbertragen, Datei nicht gefunden, etc.)<\/li>\n<li>Name der angeforderten Seite<\/li>\n<li>Browserkennung (kann das verwendete Betriebssystem enthalten)<\/li>\n<\/ul>\n<p>Die Daten werden in den Logfiles unseres Systems f\u00fcr sieben Tage gespeichert und danach automatisch \u00fcberschrieben. Eine Zusammenf\u00fchrung oder Abgleich dieser Daten mit anderen personenbezogenen Daten des Nutzers findet nicht statt. Eine Weitergabe an Dritte, auch in Ausz\u00fcgen, findet nicht statt.<\/p>\n<p>Die Rechtsgrundlage f\u00fcr die vor\u00fcbergehende Speicherung der Daten und der Logfiles ist Art.\u00a06 Abs.\u00a01 lit.\u00a0f DSGVO. Die Speicherung in Logfiles erfolgt, um die Funktionsf\u00e4higkeit der Website sicherzustellen. In diesen Zwecken liegt auch unser berechtigtes Interesse an der Datenverarbeitung nach Art. 6 Abs. 1 lit. f DSGVO. Ein Abgleich mit anderen Datenbest\u00e4nden oder eine Weitergabe an Dritte, auch in Ausz\u00fcgen, findet nicht statt.<\/p>\n<p>Die Erfassung der Daten zur Bereitstellung der Website und die Speicherung der Daten in Logfiles ist f\u00fcr den Betrieb der Internetseite erforderlich. Es besteht folglich seitens des Nutzers keine Widerspruchsm\u00f6glichkeit.<\/p>\n<h2>E-MAIL-KONTAKT<\/h2>\n<p>F\u00fcr die Kontaktaufnahme bieten wir eine E-Mail-Adresse an. Wenn Sie diese nutzen werden die mit der E-Mail \u00fcbermittelten personenbezogenen Daten des Nutzers gespeichert. Es verfolgt in diesem Zusammenhang keine Weitergabe der Daten an Dritte. Die Daten werden ausschlie\u00dflich f\u00fcr die Verarbeitung der Konversation verwendet.<\/p>\n<p>Rechtsgrundlage: Art.\u00a06 Abs.\u00a01 lit.\u00a0f DSGVO. Das erforderliche berechtigte Interesse an der Verarbeitung der Daten liegt in der Kontaktaufnahme begr\u00fcndet.<\/p>\n<p>Dauer der Speicherung: Die Daten werden gel\u00f6scht, sobald sie f\u00fcr die Erreichung des Zweckes ihrer Erhebung nicht mehr erforderlich sind. Beendet ist die Konversation dann, wenn sich aus den Umst\u00e4nden entnehmen l\u00e4sst, dass der betroffene Sachverhalt abschlie\u00dfend gekl\u00e4rt ist.<\/p>\n<h2>AUSWERTUNG DES NUTZERVERHALTENS<\/h2>\n<p>Es findet keine Auswertung des Nutzerverhaltens statt.<\/p>\n<h2>AKTIVE KOMPONENTEN<\/h2>\n<p>Wir verwenden JavaScript f\u00fcr Komfortmerkmale und optische Effekte. Wenn Sie JavaScript in Ihrem Browser abschalten, k\u00f6nnen m\u00f6glicherweise optische Effekte nicht mehr angezeigt und die Anpassung an unterschiedliche Bildschirmgr\u00f6\u00dfen nicht mehr vorgenommen werden.<\/p>\n<p>Wir verwenden keine Java-Applets und keine Active-X-Controls.<\/p>\n<h2>RECHTE DER BETROFFENEN PERSON<\/h2>\n<p>Werden personenbezogene Daten von Ihnen verarbeitet, sind Sie Betroffener i.S.d. DSGVO und es stehen Ihnen folgende Rechte gegen\u00fcber dem Verantwortlichen zu: Recht auf Auskunft, Recht auf Berichtigung, Recht auf L\u00f6schung, Recht auf Einschr\u00e4nkung der Verarbeitung, Recht auf Daten\u00fcbertragbarkeit.<\/p>\n<p>Die ausf\u00fchrlichen Hinweise finden Sie hier:\u00a0<a href=\"http:\/\/agn.enterprises\/betroffenenrechte\">&lt;&lt;Link auf Langfassung&gt;&gt;<\/a><\/p>\n<p>Au\u00dferdem steht Ihnen nach Art. 21 Abs 1 DSGVO ein Widerspruchsrecht gegen die Verarbeitungen zu, die auf Art. 6 Abs 1 Zif f DSGVO beruhen, sowie gegen die Verarbeitung zum Zwecke von Direktwerbung.<\/p>\n<h3>BESCHWERDERECHT<\/h3>\n<p>Sie haben gem\u00e4\u00df Art. 77 DSGVO das Recht, sich bei einer Aufsichtsbeh\u00f6rde zu beschweren, wenn Sie der Ansicht sind, dass die Verarbeitung Ihrer personenbezogenen Daten nicht rechtm\u00e4\u00dfig erfolgt.<\/p>\n<p>Die f\u00fcr uns zust\u00e4ndige Aufsichtsbeh\u00f6rde erreichen Sie unter\u00a0<a href=\"https:\/\/www.lda.bayern.de\/\">lda.bayern.de<\/a>..<\/p>\n<h2>TECHNISCHE UMSETZUNG<\/h2>\n<p>Unser Web-Angebot wird auf einem Server in Deutschland, von Stahl Computertechnik GmbH https:\\\\www.stahlgmbh.de betrieben.<\/p>\n<h2>STAND<\/h2>\n<p>Letzte Aktualisierung am 24. Mai 2018<\/p>\n<\/div>\n","protected":false},"excerpt":{"rendered":"<p>Datenschutzerkl\u00e4rung NACH DSGVO Mit den folgenden Datenschutzhinweisen erl\u00e4utern wir, Schreinerei Stangl, Auenstr. 13, 85088 Rockolding, Vertreten durch die Gesch\u00e4ftsleitung: Thomas Stangl, Telefon: 08457 1475, info@schreinereistangl.de\u00a0welche personenbezogenen Daten wir \u00fcber Sie erheben, wenn Sie die Webseite http:\/\/www.schreinereistangl.de besuchen. Die Funktion des\u00a0Datenschutzbeauftragten wird durch die Gesch\u00e4ftsleitung wahrgenommen. DAS WICHTIGSTE IN K\u00dcRZE Sie k\u00f6nnen dieses Web-Angebot ohne Preisgabe [&hellip;]<\/p>\n","protected":false},"author":1,"featured_media":0,"parent":0,"menu_order":0,"comment_status":"closed","ping_status":"closed","template":"templates\/template-fullwidth.php","meta":{"_et_pb_use_builder":"","_et_pb_old_content":"","_et_gb_content_width":""},"_links":{"self":[{"href":"https:\/\/schreinereistangl.de\/index.php?rest_route=\/wp\/v2\/pages\/187"}],"collection":[{"href":"https:\/\/schreinereistangl.de\/index.php?rest_route=\/wp\/v2\/pages"}],"about":[{"href":"https:\/\/schreinereistangl.de\/index.php?rest_route=\/wp\/v2\/types\/page"}],"author":[{"embeddable":true,"href":"https:\/\/schreinereistangl.de\/index.php?rest_route=\/wp\/v2\/users\/1"}],"replies":[{"embeddable":true,"href":"https:\/\/schreinereistangl.de\/index.php?rest_route=%2Fwp%2Fv2%2Fcomments&post=187"}],"version-history":[{"count":5,"href":"https:\/\/schreinereistangl.de\/index.php?rest_route=\/wp\/v2\/pages\/187\/revisions"}],"predecessor-version":[{"id":198,"href":"https:\/\/schreinereistangl.de\/index.php?rest_route=\/wp\/v2\/pages\/187\/revisions\/198"}],"wp:attachment":[{"href":"https:\/\/schreinereistangl.de\/index.php?rest_route=%2Fwp%2Fv2%2Fmedia&parent=187"}],"curies":[{"name":"wp","href":"https:\/\/api.w.org\/{rel}","templated":true}]}}